{"id":29,"date":"2019-07-07T13:57:11","date_gmt":"2019-07-07T11:57:11","guid":{"rendered":"http:\/\/bautze.net\/it\/?page_id=29"},"modified":"2020-06-24T15:32:18","modified_gmt":"2020-06-24T13:32:18","slug":"about-2","status":"publish","type":"page","link":"https:\/\/bautze.net\/it\/about-2\/","title":{"rendered":"About"},"content":{"rendered":"<p>Nach dem Studium der Nanostrukturtechnik in W\u00fcrzburg, zog es mich zur Promotion nach Grenoble in Frankreich. Ich arbeitete dort im Bereich Quantenelektronik und Tieftemperaturphysik. Fasziniert von komplexen Systemen suchte ich daraufhin eine neue, bodenst\u00e4ndige Herausforderung im Bereich IT. Als Unternehmensberater betreue ich aktuell gro\u00dfe deutsche Versicherungen, Telekommunikationsunternehmen, Banken und Einzelhandelsunternehmen im Bereich der IT-Managementsysteme. Ich bin beratend t\u00e4tig und f\u00fchre regelm\u00e4\u00dfige Trainings mit meinen Kunden durch. Au\u00dferdem arbeite ich als Software-Architekt und Entwickler an modernen Software-L\u00f6sungen f\u00fcr Gro\u00dfunternehmen. Mit der IT-Bautzentrale habe ich eine M\u00f6glichkeit geschaffen auch regional im Odenwald t\u00e4tig zu werden.<\/p>\n","protected":false},"excerpt":{"rendered":"<p>Nach dem Studium der Nanostrukturtechnik in W\u00fcrzburg, zog es mich zur Promotion nach Grenoble in Frankreich. Ich arbeitete dort im Bereich Quantenelektronik und Tieftemperaturphysik. Fasziniert von komplexen Systemen suchte ich daraufhin eine neue, bodenst\u00e4ndige Herausforderung im Bereich IT. Als Unternehmensberater betreue ich aktuell gro\u00dfe deutsche Versicherungen, Telekommunikationsunternehmen, Banken und Einzelhandelsunternehmen im Bereich der IT-Managementsysteme. Ich<\/p><\/div>\n<div class=\"blog-btn\"><a href=\"https:\/\/bautze.net\/it\/about-2\/\" class=\"home-blog-btn\">Weiterlesen<\/a><\/p>\n","protected":false},"author":1,"featured_media":0,"parent":0,"menu_order":0,"comment_status":"closed","ping_status":"closed","template":"template\/template-page-full-width.php","meta":[],"_links":{"self":[{"href":"https:\/\/bautze.net\/it\/wp-json\/wp\/v2\/pages\/29"}],"collection":[{"href":"https:\/\/bautze.net\/it\/wp-json\/wp\/v2\/pages"}],"about":[{"href":"https:\/\/bautze.net\/it\/wp-json\/wp\/v2\/types\/page"}],"author":[{"embeddable":true,"href":"https:\/\/bautze.net\/it\/wp-json\/wp\/v2\/users\/1"}],"replies":[{"embeddable":true,"href":"https:\/\/bautze.net\/it\/wp-json\/wp\/v2\/comments?post=29"}],"version-history":[{"count":4,"href":"https:\/\/bautze.net\/it\/wp-json\/wp\/v2\/pages\/29\/revisions"}],"predecessor-version":[{"id":175,"href":"https:\/\/bautze.net\/it\/wp-json\/wp\/v2\/pages\/29\/revisions\/175"}],"wp:attachment":[{"href":"https:\/\/bautze.net\/it\/wp-json\/wp\/v2\/media?parent=29"}],"curies":[{"name":"wp","href":"https:\/\/api.w.org\/{rel}","templated":true}]}}