{"id":16,"date":"2019-07-07T13:39:56","date_gmt":"2019-07-07T11:39:56","guid":{"rendered":"http:\/\/bautze.net\/it\/?page_id=16"},"modified":"2020-02-27T22:23:24","modified_gmt":"2020-02-27T21:23:24","slug":"it-fuer-landwirte","status":"publish","type":"page","link":"https:\/\/bautze.net\/it\/it-fuer-landwirte\/","title":{"rendered":"IT f\u00fcr Landwirte"},"content":{"rendered":"<h2 class=\"moz-quote-pre\">Referenz<\/h2>\n<p class=\"moz-quote-pre\">&#8220;Wir tragen unsere Arbeiten jetzt immer direkt auf dem Schlepper ein. Einfacher geht es eigentlich nicht mehr. Die Auswertungen sind \u00fcbersichtlich und sparen uns Zeit. Ich finde es super, dass unsere Ideen und Anforderungen schnell und direkt in das Produkt mit einflie\u00dfen.&#8221; &#8211; <strong>Martin Allmenr\u00f6der <\/strong>(Odenw\u00e4lder Landwirt)<\/p>\n<h2>Ma\u00dfgeschneiderte Software<\/h2>\n<p>Mit der Webapplikation &#8220;IT f\u00fcr Landwirte&#8221; k\u00f6nnen Sie bequem Ihre t\u00e4gliche Arbeit auf dem Feld aufnehmen und dokumentieren. Ob Sie nun direkt auf dem Schlepper oder gem\u00fctlich vom Sofa aus die erledigten Arbeiten eintragen wollen, spielt dabei keine Rolle. Dank eines modernen Web-Interfaces k\u00f6nnen Sie die Software von \u00fcberall aus erreichen. Die eingegebenen Daten werden auf einem Server in Deutschland gespeichert und stehen nur Ihnen zur Verf\u00fcgung. Mit &#8220;IT f\u00fcr Landwirte&#8221; bekommen Sie ein auf Ihre Arbeitssituation zugeschnittenes Produkt.<\/p>\n<p><img loading=\"lazy\" class=\"aligncenter wp-image-102 size-full\" src=\"http:\/\/bautze.net\/it\/wp-content\/uploads\/2019\/09\/Eingabe_low3.gif\" alt=\"\" width=\"1461\" height=\"1011\" \/><\/p>\n<h2>Vorteile<\/h2>\n<ul>\n<li>Einfache Bedienung<\/li>\n<li>Daten-Eingabe direkt ab Feld<\/li>\n<li>\u00dcberblick \u00fcber geschaffte Arbeit<\/li>\n<li>\u00dcberblick \u00fcber verwendete Mittel<\/li>\n<li>Automatische Erzeugung der Schlagkarteien<\/li>\n<\/ul>\n<h2>\u00dcberblick<\/h2>\n<p>Zur Auswertung erhalten sie dynamisch filterbare Dashboards. Z.B. k\u00f6nnen Sie auf einen Blick ohne Aufwand folgende Fragen beantworten:<\/p>\n<ul>\n<li>Wer hat wann auf welchem Schlag mit welcher Maschine gearbeitet?<\/li>\n<li>Welche Mittel wurden auf welchem Schlag eingesetzt?<\/li>\n<li>Welche Mittel wurden f\u00fcr welchen Kunden verwendet?<\/li>\n<li>Wie viele Hektar wurden mit welchem Anbauger\u00e4t bearbeitet?<\/li>\n<li>Wie viele Stunden wurde welcher Schlepper auf welchem Schlag genutzt?<\/li>\n<li>Wie lange war welcher Mitarbeiter unterwegs?<\/li>\n<\/ul>\n<h2>Verwaltung<\/h2>\n<p>Die Web-Applikation ist auf Ihren Betrieb zugeschnitten und verwaltet Ihre gesamte Infrastruktur. Dazu geh\u00f6ren<\/p>\n<ul>\n<li>Landmaschinen<\/li>\n<li>Anbauger\u00e4te<\/li>\n<li>Schl\u00e4ge<\/li>\n<li>Arbeiter<\/li>\n<li>Kunden<\/li>\n<li>Spritzmittel<\/li>\n<li>D\u00fcngemittel<\/li>\n<li>Rohstoffe<\/li>\n<li>Saatgut<\/li>\n<li>&#8230;<\/li>\n<\/ul>\n<h2>Sicherheit<\/h2>\n<p>Pro Kunde wird ein Server eingesetzt, d.h. dass Sie sich um die Sicherheit Ihrer Daten keine Sorgen machen m\u00fcssen.<\/p>\n<h2>Hintergrund<\/h2>\n<p>Als\u00a0 Berater vertrete ich die Auffassung, dass Software so einfach wie m\u00f6glich sein soll und dass der Wert einer Software einzig in den darin verarbeiteten Daten liegt. Ihre Daten geh\u00f6ren Ihnen und sollen Ihnen Helfen Ihre Arbeit m\u00f6glichst effizient zu erledigen. Ihre Daten sollen Ihnen helfen die richtigen Entscheidungen zu treffen.<\/p>\n<h2>Entwicklung<\/h2>\n<p>Die Software ist im Rahmen eines mehrj\u00e4hrigen Projektes in Zusammenarbeit mit mehreren Landwirten entstanden. Gutes Feedback flie\u00dft direkt in die Weiterentwickling der Software ein und erm\u00f6glicht, Ihre Probleme elegant zu l\u00f6sen.<\/p>\n<h2>Screenshots<\/h2>\n<h2><img loading=\"lazy\" class=\"wp-image-98 size-large aligncenter\" src=\"http:\/\/bautze.net\/it\/wp-content\/uploads\/2019\/09\/Bauernhof02-1024x321.jpg\" alt=\"\" width=\"696\" height=\"218\" srcset=\"https:\/\/bautze.net\/it\/wp-content\/uploads\/2019\/09\/Bauernhof02-1024x321.jpg 1024w, https:\/\/bautze.net\/it\/wp-content\/uploads\/2019\/09\/Bauernhof02-300x94.jpg 300w, https:\/\/bautze.net\/it\/wp-content\/uploads\/2019\/09\/Bauernhof02-768x241.jpg 768w, https:\/\/bautze.net\/it\/wp-content\/uploads\/2019\/09\/Bauernhof02.jpg 1401w\" sizes=\"(max-width: 696px) 100vw, 696px\" \/><\/h2>\n<h2><img loading=\"lazy\" class=\"wp-image-97 size-large aligncenter\" src=\"http:\/\/bautze.net\/it\/wp-content\/uploads\/2019\/09\/Bauernhof01-1024x559.jpg\" alt=\"\" width=\"696\" height=\"380\" srcset=\"https:\/\/bautze.net\/it\/wp-content\/uploads\/2019\/09\/Bauernhof01-1024x559.jpg 1024w, https:\/\/bautze.net\/it\/wp-content\/uploads\/2019\/09\/Bauernhof01-300x164.jpg 300w, https:\/\/bautze.net\/it\/wp-content\/uploads\/2019\/09\/Bauernhof01-768x419.jpg 768w, https:\/\/bautze.net\/it\/wp-content\/uploads\/2019\/09\/Bauernhof01.jpg 1398w\" sizes=\"(max-width: 696px) 100vw, 696px\" \/><\/h2>\n<h2><img loading=\"lazy\" class=\"aligncenter size-large wp-image-142\" src=\"http:\/\/bautze.net\/it\/wp-content\/uploads\/2020\/02\/Auswertung_Arbeiten-1024x485.png\" alt=\"\" width=\"696\" height=\"330\" srcset=\"https:\/\/bautze.net\/it\/wp-content\/uploads\/2020\/02\/Auswertung_Arbeiten-1024x485.png 1024w, https:\/\/bautze.net\/it\/wp-content\/uploads\/2020\/02\/Auswertung_Arbeiten-300x142.png 300w, https:\/\/bautze.net\/it\/wp-content\/uploads\/2020\/02\/Auswertung_Arbeiten-768x364.png 768w, https:\/\/bautze.net\/it\/wp-content\/uploads\/2020\/02\/Auswertung_Arbeiten.png 1502w\" sizes=\"(max-width: 696px) 100vw, 696px\" \/><\/h2>\n<h2><img loading=\"lazy\" class=\"aligncenter size-large wp-image-141\" src=\"http:\/\/bautze.net\/it\/wp-content\/uploads\/2020\/02\/Auswertung_Mittel-1024x520.png\" alt=\"\" width=\"696\" height=\"353\" srcset=\"https:\/\/bautze.net\/it\/wp-content\/uploads\/2020\/02\/Auswertung_Mittel-1024x520.png 1024w, https:\/\/bautze.net\/it\/wp-content\/uploads\/2020\/02\/Auswertung_Mittel-300x152.png 300w, https:\/\/bautze.net\/it\/wp-content\/uploads\/2020\/02\/Auswertung_Mittel-768x390.png 768w, https:\/\/bautze.net\/it\/wp-content\/uploads\/2020\/02\/Auswertung_Mittel.png 1529w\" sizes=\"(max-width: 696px) 100vw, 696px\" \/><\/h2>\n","protected":false},"excerpt":{"rendered":"<p>Referenz &#8220;Wir tragen unsere Arbeiten jetzt immer direkt auf dem Schlepper ein. Einfacher geht es eigentlich nicht mehr. Die Auswertungen sind \u00fcbersichtlich und sparen uns Zeit. Ich finde es super, dass unsere Ideen und Anforderungen schnell und direkt in das Produkt mit einflie\u00dfen.&#8221; &#8211; Martin Allmenr\u00f6der (Odenw\u00e4lder Landwirt) Ma\u00dfgeschneiderte Software Mit der Webapplikation &#8220;IT f\u00fcr<\/p><\/div>\n<div class=\"blog-btn\"><a href=\"https:\/\/bautze.net\/it\/it-fuer-landwirte\/\" class=\"home-blog-btn\">Weiterlesen<\/a><\/p>\n","protected":false},"author":1,"featured_media":0,"parent":0,"menu_order":0,"comment_status":"closed","ping_status":"closed","template":"template\/template-page-full-width.php","meta":[],"_links":{"self":[{"href":"https:\/\/bautze.net\/it\/wp-json\/wp\/v2\/pages\/16"}],"collection":[{"href":"https:\/\/bautze.net\/it\/wp-json\/wp\/v2\/pages"}],"about":[{"href":"https:\/\/bautze.net\/it\/wp-json\/wp\/v2\/types\/page"}],"author":[{"embeddable":true,"href":"https:\/\/bautze.net\/it\/wp-json\/wp\/v2\/users\/1"}],"replies":[{"embeddable":true,"href":"https:\/\/bautze.net\/it\/wp-json\/wp\/v2\/comments?post=16"}],"version-history":[{"count":8,"href":"https:\/\/bautze.net\/it\/wp-json\/wp\/v2\/pages\/16\/revisions"}],"predecessor-version":[{"id":143,"href":"https:\/\/bautze.net\/it\/wp-json\/wp\/v2\/pages\/16\/revisions\/143"}],"wp:attachment":[{"href":"https:\/\/bautze.net\/it\/wp-json\/wp\/v2\/media?parent=16"}],"curies":[{"name":"wp","href":"https:\/\/api.w.org\/{rel}","templated":true}]}}