{"id":114,"date":"2020-01-31T20:14:10","date_gmt":"2020-01-31T19:14:10","guid":{"rendered":"http:\/\/bautze.net\/it\/?page_id=114"},"modified":"2021-01-14T21:40:45","modified_gmt":"2021-01-14T20:40:45","slug":"elektrodenwald","status":"publish","type":"page","link":"https:\/\/bautze.net\/it\/elektrodenwald\/","title":{"rendered":"Elektrodenwald"},"content":{"rendered":"<p>Die Solartankstelle im Elektrodenwald funktioniert und kann besichtigt werden! Zu jeder kostenlosen Besichtigung gibt es eine Probefahrt mit einem elektrischen TukTuk. F\u00fcr alle, die noch nie mit einem Elektrofahrzeug unterwegs gewesen sind, finden wir sicher auch eine L\u00f6sung.<\/p>\n<div><img loading=\"lazy\" class=\"aligncenter wp-image-118 size-large\" src=\"http:\/\/bautze.net\/it\/wp-content\/uploads\/2020\/01\/elektrodenwald-1024x1024.png\" alt=\"\" width=\"696\" height=\"696\" srcset=\"https:\/\/bautze.net\/it\/wp-content\/uploads\/2020\/01\/elektrodenwald-1024x1024.png 1024w, https:\/\/bautze.net\/it\/wp-content\/uploads\/2020\/01\/elektrodenwald-300x300.png 300w, https:\/\/bautze.net\/it\/wp-content\/uploads\/2020\/01\/elektrodenwald-150x150.png 150w, https:\/\/bautze.net\/it\/wp-content\/uploads\/2020\/01\/elektrodenwald-768x768.png 768w, https:\/\/bautze.net\/it\/wp-content\/uploads\/2020\/01\/elektrodenwald.png 1418w\" sizes=\"(max-width: 696px) 100vw, 696px\" \/><br \/>\n<a href=\"http:\/\/creativecommons.org\/licenses\/by-nc-nd\/4.0\/\" rel=\"license\"><img class=\"aligncenter wp-image-118 size-small\" style=\"border-width: 0;\" src=\"https:\/\/i.creativecommons.org\/l\/by-nc-nd\/4.0\/88x31.png\" alt=\"Creative Commons Lizenzvertrag\" \/><\/a><\/div>\n<p>Die Solartankstelle Elektrodenwald zeigt, wie autarke Elektromobilit\u00e4t f\u00fcr Privatleute funktioniert.<\/p>\n<h2 id=\"Konzept\">Konzept<\/h2>\n<p>Das Konzept ist einfach: Die Sonne produziert Strom. Sobald die Sonne scheint, wird ein angeschlossenes Elektroauto geladen. Der Strom kommt direkt von der Solaranlage und ist somit zu 100% erneuerbar.<\/p>\n<p>&nbsp;<\/p>\n<h2 id=\"Vorteile\">Vorteile<\/h2>\n<ul>\n<li>Kein <span id=\"MathJax-Element-1-Frame\" class=\"MathJax\" tabindex=\"0\" role=\"presentation\" data-mathml=\"&lt;math xmlns=&quot;http:\/\/www.w3.org\/1998\/Math\/MathML&quot;&gt;&lt;mi&gt;C&lt;\/mi&gt;&lt;msub&gt;&lt;mi&gt;O&lt;\/mi&gt;&lt;mn&gt;2&lt;\/mn&gt;&lt;\/msub&gt;&lt;\/math&gt;\"><span id=\"MathJax-Span-1\" class=\"math\"><span id=\"MathJax-Span-2\" class=\"mrow\"><span id=\"MathJax-Span-3\" class=\"mi\">CO2<\/span><span id=\"MathJax-Span-4\" class=\"msubsup\"><span id=\"MathJax-Span-5\" class=\"mi\"><\/span><span id=\"MathJax-Span-6\" class=\"mn\">-Aussto\u00df <\/span><\/span><\/span><\/span><\/span>beim Autofahren<\/li>\n<li>Keine stinkenden Abgase beim Autofahren<\/li>\n<li>Kein Geldfluss in Richtung der \u00d6lkonzerne<\/li>\n<li>Investition in die Zukunft unserer Kinder<\/li>\n<li>Zu Hause oder bei Freunden tanken<\/li>\n<\/ul>\n<h2 id=\"Nachteile\">Nachteile<\/h2>\n<ul>\n<li>Investition in die Zukunft unserer Kinder<\/li>\n<\/ul>\n<h2><\/h2>\n<h2 id=\"Technische-Umsetzung\">Technische Umsetzung<\/h2>\n<h3 id=\"Hardware\">Hardware<\/h3>\n<p>Eine Solaranlage mit 30 <a href=\"https:\/\/de.wikipedia.org\/wiki\/Photovoltaik#Nennleistung_und_Ertrag\" target=\"_blank\" rel=\"noopener noreferrer\">kWp<\/a> erzeugt Strom. Die Wechselrichter (<a href=\"https:\/\/www.sma.de\" target=\"_blank\" rel=\"noopener noreferrer\">SMA<\/a>) wandeln den Gleichstrom von der Solaranlage in Wechselstrom um. Der Erzeugerz\u00e4hler misst, wie viel Solarstrom produziert wird. Der Summenz\u00e4hler misst, wie viel Strom in das Netz eingespeist wird und wie viel Strom zugekauft werden muss. Der <a href=\"https:\/\/www.sma.de\/en\/products\/monitoring-control\/sunny-home-manager-20.html\" target=\"_blank\" rel=\"noopener noreferrer\">Sunny Home Manager 2.0 (SHM 2.0)<\/a> liest diese Daten aus und speichert die Daten digital ab. Die Messungen passieren in Echtzeit. Der in das Netz eingespeiste Strom ist \u00fcbersch\u00fcssiger Strom, der in der gesamten Anlage zur Verf\u00fcgung steht. Die gesamte Anlage ist die Summe aller Endverbraucher (Wohnungen, Wallbox, &#8230; ) und Erzeuger (Einkauf, Solarpanels). Ist nun \u00fcbersch\u00fcssiger Strom vorhanden, so kann dieser zur sog. <strong>\u00dcberschussladung<\/strong> verwendet werden.<\/p>\n<p>Als <strong>\u00dcberschussladung<\/strong> bezeichnet man die Ladung von Stromspeichern durch zur Verf\u00fcgung stehende erneuerbare Energien. Die \u00dcberschussladung erm\u00f6glicht eine zu 100% nachhaltige Mobilit\u00e4t.<\/p>\n<p>Zur Ladung von Elektroautos ist eine <a href=\"https:\/\/www.mennekes.de\/presse\/nachrichten\/mennekes-amtronr-ladebox-erhaelt-note-sehr-gut-im-adac-systemvergleich-wallboxen-2018\/\" target=\"_blank\" rel=\"noopener noreferrer\">Mennekes Amtron C2 Premium<\/a> mit 11 kW Ladeleistung installiert. Die Ladeleistung kann nun abh\u00e4ngig von der vorhandenen, \u00fcbersch\u00fcssigen Solarleistung geregelt werden. Dazu schickt der SHM 2.0 Steuerbefehle an die Wallbox und reguliert somit die Leistung, mit der ein angeschlossenes Elektroauto geladen wird. Das Elektroauto wird somit nachhaltig mit Solarstrom versorgt.<\/p>\n<p><em><strong>Mobilit\u00e4t kann mit diesem Konzept f\u00fcr Privatleute zu 100% \u00f6kologisch umgesetzt werden.<\/strong><\/em><\/p>\n<h2><\/h2>\n<h2 id=\"Realabgleich\">Realabgleich<\/h2>\n<p>Wie weit reicht der zur Verf\u00fcgung stehende \u00dcberschussstrom?<\/p>\n<h2 id=\"tl;dr\">tl;dr<\/h2>\n<p>100000 km<\/p>\n<p>&nbsp;<\/p>\n<h2 id=\"Details\">Details<\/h2>\n<p>Hier sehen wir die fast exakten Verbrauchsdaten unserer Selbstversorgergemeinschaft als Beispiel (nicht wundern: Die Tabelle ist zu breit f\u00fcr ein kleines Smartphone-Display).:<\/p>\n\n<table id=\"tablepress-1\" class=\"tablepress tablepress-id-1\">\n<thead>\n<tr class=\"row-1 odd\">\n\t<th class=\"column-1\">Monat<\/th><th class=\"column-2\">Gesamt-<br \/>\nverbrauch<\/th><th class=\"column-3\">Eigen-<br \/>\nversorgung<\/th><th class=\"column-4\">Netzbezug<\/th><th class=\"column-5\">Solar-<br \/>\nerzeugung<\/th><th class=\"column-6\">Netz-<br \/>\neinspeisung<\/th>\n<\/tr>\n<\/thead>\n<tbody class=\"row-hover\">\n<tr class=\"row-2 even\">\n\t<td class=\"column-1\">Januar<\/td><td class=\"column-2\">1470.97<\/td><td class=\"column-3\">234.82<\/td><td class=\"column-4\">1236.15<\/td><td class=\"column-5\">410.80<\/td><td class=\"column-6\">175.98<\/td>\n<\/tr>\n<tr class=\"row-3 odd\">\n\t<td class=\"column-1\">Februar<\/td><td class=\"column-2\">1289.93<\/td><td class=\"column-3\">468.46<\/td><td class=\"column-4\">821.47<\/td><td class=\"column-5\">1619.59<\/td><td class=\"column-6\">1151.14<\/td>\n<\/tr>\n<tr class=\"row-4 even\">\n\t<td class=\"column-1\">M\u00e4rz<\/td><td class=\"column-2\">1413.97<\/td><td class=\"column-3\">626.00<\/td><td class=\"column-4\">787.97<\/td><td class=\"column-5\">2296.58<\/td><td class=\"column-6\">1670.58<\/td>\n<\/tr>\n<tr class=\"row-5 odd\">\n\t<td class=\"column-1\">April<\/td><td class=\"column-2\">1397.98<\/td><td class=\"column-3\">802.24<\/td><td class=\"column-4\">595.74<\/td><td class=\"column-5\">3438.18<\/td><td class=\"column-6\">2635.94<\/td>\n<\/tr>\n<tr class=\"row-6 even\">\n\t<td class=\"column-1\">Mai<\/td><td class=\"column-2\">1323.47<\/td><td class=\"column-3\">812.08<\/td><td class=\"column-4\">511.39<\/td><td class=\"column-5\">3745.54<\/td><td class=\"column-6\">2933.46<\/td>\n<\/tr>\n<tr class=\"row-7 odd\">\n\t<td class=\"column-1\">Juni<\/td><td class=\"column-2\">2477.87<\/td><td class=\"column-3\">1438.70<\/td><td class=\"column-4\">1039.17<\/td><td class=\"column-5\">4789.75<\/td><td class=\"column-6\">3351.05<\/td>\n<\/tr>\n<tr class=\"row-8 even\">\n\t<td class=\"column-1\">Juli<\/td><td class=\"column-2\">2609.20<\/td><td class=\"column-3\">1472.99<\/td><td class=\"column-4\">1136.21<\/td><td class=\"column-5\">4226.94<\/td><td class=\"column-6\">2753.95<\/td>\n<\/tr>\n<tr class=\"row-9 odd\">\n\t<td class=\"column-1\">August<\/td><td class=\"column-2\">2409.95<\/td><td class=\"column-3\">1233.00<\/td><td class=\"column-4\">1176.95<\/td><td class=\"column-5\">3833.67<\/td><td class=\"column-6\">2600.67<\/td>\n<\/tr>\n<tr class=\"row-10 even\">\n\t<td class=\"column-1\">September<\/td><td class=\"column-2\">2178.58<\/td><td class=\"column-3\">909.85<\/td><td class=\"column-4\">1268.73<\/td><td class=\"column-5\">2747.31<\/td><td class=\"column-6\">1837.46<\/td>\n<\/tr>\n<tr class=\"row-11 odd\">\n\t<td class=\"column-1\">Oktober<\/td><td class=\"column-2\">1427.20<\/td><td class=\"column-3\">514.95<\/td><td class=\"column-4\">912.25<\/td><td class=\"column-5\">1411.54<\/td><td class=\"column-6\">896.59<\/td>\n<\/tr>\n<tr class=\"row-12 even\">\n\t<td class=\"column-1\">November<\/td><td class=\"column-2\">1536.56<\/td><td class=\"column-3\">385.40<\/td><td class=\"column-4\">1151.16<\/td><td class=\"column-5\">669.94<\/td><td class=\"column-6\">284.55<\/td>\n<\/tr>\n<tr class=\"row-13 odd\">\n\t<td class=\"column-1\">Dezember<\/td><td class=\"column-2\">1553.72<\/td><td class=\"column-3\">297.67<\/td><td class=\"column-4\">1256.05<\/td><td class=\"column-5\">479.62<\/td><td class=\"column-6\">181.95<\/td>\n<\/tr>\n<\/tbody>\n<\/table>\n<h2 class=\"tablepress-table-name tablepress-table-name-id-1\">Verbrauchsdaten<\/h2>\n<!-- #tablepress-1 from cache -->\n<p>Die Tabelle zeigt die verschiedenen Energiewerte <strong>Gesamtverbrauch<\/strong>, <strong>Eigenversorgung<\/strong>, <strong>Netzbezug<\/strong>, <strong>Solar-Erzeugung<\/strong> und <strong>Netzeinspeisung<\/strong> in der <strong>Einheit kWh<\/strong> f\u00fcr die einzelnen Monate 2019. Der \u00dcberschuss an Solarstrom aus privater Sicht ist die Netzeinspeisung.<\/p>\n<p><img loading=\"lazy\" class=\"aligncenter size-large wp-image-133\" src=\"http:\/\/bautze.net\/it\/wp-content\/uploads\/2020\/02\/Jahresenergiehaushalt-1024x632.png\" alt=\"\" width=\"696\" height=\"430\" srcset=\"https:\/\/bautze.net\/it\/wp-content\/uploads\/2020\/02\/Jahresenergiehaushalt-1024x632.png 1024w, https:\/\/bautze.net\/it\/wp-content\/uploads\/2020\/02\/Jahresenergiehaushalt-300x185.png 300w, https:\/\/bautze.net\/it\/wp-content\/uploads\/2020\/02\/Jahresenergiehaushalt-768x474.png 768w, https:\/\/bautze.net\/it\/wp-content\/uploads\/2020\/02\/Jahresenergiehaushalt-1536x948.png 1536w, https:\/\/bautze.net\/it\/wp-content\/uploads\/2020\/02\/Jahresenergiehaushalt-2048x1264.png 2048w\" sizes=\"(max-width: 696px) 100vw, 696px\" \/><\/p>\n<p>&nbsp;<\/p>\n<p>Ein Elektroauto verbraucht in einer pessimistischen Sch\u00e4tzung 20 kWh auf 100 km. Im Internet finden sich viele <a href=\"https:\/\/www.adac.de\/rund-ums-fahrzeug\/tests\/elektromobilitaet\/stromverbrauch-elektroautos-adac-test\/\" target=\"_blank\" rel=\"noopener noreferrer\">Vergleichswerte<\/a>. Damit l\u00e4sst sich die maximal verf\u00fcgbare Reichweite aus der Netzeinspeisung berechnen.<\/p>\n<p><img loading=\"lazy\" class=\"aligncenter size-large wp-image-127\" src=\"http:\/\/bautze.net\/it\/wp-content\/uploads\/2020\/01\/Reichweite_der_Netzeinspeisung-1024x622.png\" alt=\"\" width=\"696\" height=\"423\" srcset=\"https:\/\/bautze.net\/it\/wp-content\/uploads\/2020\/01\/Reichweite_der_Netzeinspeisung-1024x622.png 1024w, https:\/\/bautze.net\/it\/wp-content\/uploads\/2020\/01\/Reichweite_der_Netzeinspeisung-300x182.png 300w, https:\/\/bautze.net\/it\/wp-content\/uploads\/2020\/01\/Reichweite_der_Netzeinspeisung-768x466.png 768w, https:\/\/bautze.net\/it\/wp-content\/uploads\/2020\/01\/Reichweite_der_Netzeinspeisung-1536x932.png 1536w, https:\/\/bautze.net\/it\/wp-content\/uploads\/2020\/01\/Reichweite_der_Netzeinspeisung-2048x1243.png 2048w\" sizes=\"(max-width: 696px) 100vw, 696px\" \/><\/p>\n<p>Die obere Abbildung zeigt deutlich, wie viele Kilometer mit der Solarenergie gefahren werden k\u00f6nnen, die auf dem Dach produziert wird. Nat\u00fcrlich kann es sein, dass gerade im Winter die erforderliche Fahrleistung gr\u00f6\u00dfer als die vorhandene Solarenergie ist. Nichtsdestotrotz zeigt diese kurze Rechnung das enorme Potential von Solartankstellen. Gerade in Anbetracht der andauernden Klimakrise ist dies ein <strong>einfach umsetzbares Konzept<\/strong> f\u00fcr private Mobilit\u00e4t.<\/p>\n<p>Die vorhandene \u00dcberschussenergie aus unserer 30 kWp Solaranlage reicht f\u00fcr eine summierte <strong>Fahrtleisung von ca. 100000 km<\/strong> im Jahr 2019. Diese Werte k\u00f6nnen leicht auf kleine oder gr\u00f6\u00dfere Anlagen \u00fcbertragen werden. Andere Verbrauchsprofile kann ich gerne auf Anfrage ebenfalls durchrechnen.<\/p>\n<p><a href=\"https:\/\/paypal.me\/TobiasBautze\/19.86\">Gute Ideen wollen unterst\u00fctzt werden.<\/a><\/p>\n<h4>Lizenz<\/h4>\n<p><a href=\"http:\/\/creativecommons.org\/licenses\/by-nc-nd\/4.0\/\" rel=\"license\"><img style=\"border-width: 0;\" src=\"https:\/\/i.creativecommons.org\/l\/by-nc-nd\/4.0\/88x31.png\" alt=\"Creative Commons Lizenzvertrag\" \/><\/a><br \/>\nDas Logo, die Daten und dieses Werk sind lizenziert unter einer <a href=\"http:\/\/creativecommons.org\/licenses\/by-nc-nd\/4.0\/\" rel=\"license\">Creative Commons Namensnennung &#8211; Nicht kommerziell &#8211; Keine Bearbeitungen 4.0 International Lizenz<\/a>.<\/p>\n","protected":false},"excerpt":{"rendered":"<p>Die Solartankstelle im Elektrodenwald funktioniert und kann besichtigt werden! Zu jeder kostenlosen Besichtigung gibt es eine Probefahrt mit einem elektrischen TukTuk. F\u00fcr alle, die noch nie mit einem Elektrofahrzeug unterwegs gewesen sind, finden wir sicher auch eine L\u00f6sung. Die Solartankstelle Elektrodenwald zeigt, wie autarke Elektromobilit\u00e4t f\u00fcr Privatleute funktioniert. Konzept Das Konzept ist einfach: Die Sonne<\/p><\/div>\n<div class=\"blog-btn\"><a href=\"https:\/\/bautze.net\/it\/elektrodenwald\/\" class=\"home-blog-btn\">Weiterlesen<\/a><\/p>\n","protected":false},"author":1,"featured_media":0,"parent":0,"menu_order":0,"comment_status":"closed","ping_status":"closed","template":"template\/template-page-full-width.php","meta":[],"_links":{"self":[{"href":"https:\/\/bautze.net\/it\/wp-json\/wp\/v2\/pages\/114"}],"collection":[{"href":"https:\/\/bautze.net\/it\/wp-json\/wp\/v2\/pages"}],"about":[{"href":"https:\/\/bautze.net\/it\/wp-json\/wp\/v2\/types\/page"}],"author":[{"embeddable":true,"href":"https:\/\/bautze.net\/it\/wp-json\/wp\/v2\/users\/1"}],"replies":[{"embeddable":true,"href":"https:\/\/bautze.net\/it\/wp-json\/wp\/v2\/comments?post=114"}],"version-history":[{"count":14,"href":"https:\/\/bautze.net\/it\/wp-json\/wp\/v2\/pages\/114\/revisions"}],"predecessor-version":[{"id":222,"href":"https:\/\/bautze.net\/it\/wp-json\/wp\/v2\/pages\/114\/revisions\/222"}],"wp:attachment":[{"href":"https:\/\/bautze.net\/it\/wp-json\/wp\/v2\/media?parent=114"}],"curies":[{"name":"wp","href":"https:\/\/api.w.org\/{rel}","templated":true}]}}